{"id":25115,"date":"2022-05-03T11:01:28","date_gmt":"2022-05-03T10:01:28","guid":{"rendered":"https:\/\/www.revoola.com\/?post_type=product&#038;p=25115"},"modified":"2022-05-03T14:18:21","modified_gmt":"2022-05-03T13:18:21","slug":"revoola-single-user-monthly-with-free-trial-sweatcoin","status":"publish","type":"product","link":"https:\/\/www.revoola.com\/fr\/product\/revoola-single-user-monthly-with-free-trial-sweatcoin\/","title":{"rendered":"Revoola Essai GRATUIT et abonnement annuel"},"content":{"rendered":"<p>[et_pb_section fb_built=&#8221;1&#8243; _builder_version=&#8221;4.14.5&#8243; _module_preset=&#8221;default&#8221; hover_enabled=&#8221;0&#8243; da_disable_devices=&#8221;off|off|off&#8221; global_colors_info=&#8221;{}&#8221; sticky_enabled=&#8221;0&#8243; da_is_popup=&#8221;off&#8221; da_exit_intent=&#8221;off&#8221; da_has_close=&#8221;on&#8221; da_alt_close=&#8221;off&#8221; da_dark_close=&#8221;off&#8221; da_not_modal=&#8221;on&#8221; da_is_singular=&#8221;off&#8221; da_with_loader=&#8221;off&#8221; da_has_shadow=&#8221;on&#8221;][\/et_pb_section]<\/p>\n","protected":false},"excerpt":{"rendered":"<p>&nbsp;<\/p>\n<p>1 mois d'essai Premium OFFERT \u2013 Acc\u00e8de \u00e0 TOUTES les fonctionnalit\u00e9s de Revoola<\/p>\n<p>Profite de 9 mois GRATUITS en t'abonnant pour 1 an<\/p>\n<p>Seulement 29,99 \u00a3<\/p>\n<p>Pour une dur\u00e9e limit\u00e9e seulement<\/p>","protected":false},"featured_media":24952,"template":"","meta":{"_acf_changed":false,"_et_pb_use_builder":"on","_et_pb_old_content":"Premium Version of REVOOLA Recurring Monthly Subscription With a No obligation Free Month trial","_et_gb_content_width":"","content-type":""},"product_brand":[],"product_cat":[29],"product_tag":[28],"class_list":{"0":"post-25115","1":"product","2":"type-product","3":"status-publish","4":"has-post-thumbnail","6":"product_cat-revoola","7":"product_tag-revoola","9":"first","10":"instock","11":"virtual","12":"sold-individually","13":"taxable","14":"purchasable","15":"product-type-subscription"},"acf":[],"_links":{"self":[{"href":"https:\/\/www.revoola.com\/fr\/wp-json\/wp\/v2\/product\/25115","targetHints":{"allow":["GET"]}}],"collection":[{"href":"https:\/\/www.revoola.com\/fr\/wp-json\/wp\/v2\/product"}],"about":[{"href":"https:\/\/www.revoola.com\/fr\/wp-json\/wp\/v2\/types\/product"}],"wp:featuredmedia":[{"embeddable":true,"href":"https:\/\/www.revoola.com\/fr\/wp-json\/wp\/v2\/media\/24952"}],"wp:attachment":[{"href":"https:\/\/www.revoola.com\/fr\/wp-json\/wp\/v2\/media?parent=25115"}],"wp:term":[{"taxonomy":"product_brand","embeddable":true,"href":"https:\/\/www.revoola.com\/fr\/wp-json\/wp\/v2\/product_brand?post=25115"},{"taxonomy":"product_cat","embeddable":true,"href":"https:\/\/www.revoola.com\/fr\/wp-json\/wp\/v2\/product_cat?post=25115"},{"taxonomy":"product_tag","embeddable":true,"href":"https:\/\/www.revoola.com\/fr\/wp-json\/wp\/v2\/product_tag?post=25115"}],"curies":[{"name":"wp","href":"https:\/\/api.w.org\/{rel}","templated":true}]}}