{"id":24596,"date":"2022-02-28T14:51:02","date_gmt":"2022-02-28T14:51:02","guid":{"rendered":"https:\/\/www.revoola.com\/?post_type=product&#038;p=24596"},"modified":"2022-03-17T08:57:57","modified_gmt":"2022-03-17T08:57:57","slug":"revoola-premium-for-mastercard-holders","status":"publish","type":"product","link":"https:\/\/www.revoola.com\/de\/product\/revoola-premium-for-mastercard-holders\/","title":{"rendered":"REVOOLA Premium f\u00fcr Mastercard Easy Savings Karteninhaber"},"content":{"rendered":"<p>Congratulations you are eligible for our Premium Version of REVOOLA at a 30% off discount. You get all the features of our Premium product but for the life of your subscription you will benefit from a discount of 30%. This subscription will auto-renew each month, until you terminate it.<\/p>","protected":false},"excerpt":{"rendered":"<p>Als Inhaber einer Mastercard Easy Savings Programm-Karte kannst du ein Revoola Premium-Monatspaket f\u00fcr nur 6,99 \u00a3 pro Monat kaufen und sparst damit 30% gegen\u00fcber dem regul\u00e4ren Monatspreis.<\/p>\n<p><strong>Zus\u00e4tzlich erh\u00e4ltst du jeden Monat 12,5% Cashback.<\/strong><\/p>\n<p>Dein Abo verl\u00e4ngert sich jeden Monat automatisch, keine langen Vertr\u00e4ge, keine Knebelvertr\u00e4ge, jederzeit k\u00fcndbar.<\/p>","protected":false},"featured_media":24311,"template":"","meta":{"_acf_changed":false,"_et_pb_use_builder":"","_et_pb_old_content":"","_et_gb_content_width":"","content-type":""},"product_brand":[],"product_cat":[29],"product_tag":[28],"class_list":{"0":"post-24596","1":"product","2":"type-product","3":"status-publish","4":"has-post-thumbnail","6":"product_cat-revoola","7":"product_tag-revoola","9":"first","10":"instock","11":"sale","12":"virtual","13":"sold-individually","14":"taxable","15":"purchasable","16":"product-type-subscription"},"acf":[],"_links":{"self":[{"href":"https:\/\/www.revoola.com\/de\/wp-json\/wp\/v2\/product\/24596","targetHints":{"allow":["GET"]}}],"collection":[{"href":"https:\/\/www.revoola.com\/de\/wp-json\/wp\/v2\/product"}],"about":[{"href":"https:\/\/www.revoola.com\/de\/wp-json\/wp\/v2\/types\/product"}],"wp:featuredmedia":[{"embeddable":true,"href":"https:\/\/www.revoola.com\/de\/wp-json\/wp\/v2\/media\/24311"}],"wp:attachment":[{"href":"https:\/\/www.revoola.com\/de\/wp-json\/wp\/v2\/media?parent=24596"}],"wp:term":[{"taxonomy":"product_brand","embeddable":true,"href":"https:\/\/www.revoola.com\/de\/wp-json\/wp\/v2\/product_brand?post=24596"},{"taxonomy":"product_cat","embeddable":true,"href":"https:\/\/www.revoola.com\/de\/wp-json\/wp\/v2\/product_cat?post=24596"},{"taxonomy":"product_tag","embeddable":true,"href":"https:\/\/www.revoola.com\/de\/wp-json\/wp\/v2\/product_tag?post=24596"}],"curies":[{"name":"wp","href":"https:\/\/api.w.org\/{rel}","templated":true}]}}