{"id":24261,"date":"2021-11-08T13:10:57","date_gmt":"2021-11-08T13:10:57","guid":{"rendered":"https:\/\/www.revoola.com\/?post_type=product&#038;p=24261"},"modified":"2021-11-25T08:24:27","modified_gmt":"2021-11-25T08:24:27","slug":"revoola-single-user-monthly-bcarlux","status":"publish","type":"product","link":"https:\/\/www.revoola.com\/de\/product\/revoola-single-user-monthly-bcarlux\/","title":{"rendered":"REVOOLA Premium f\u00fcr Barclaycard-Kunden"},"content":{"rendered":"<p>Congratulations you are eligible for our Premium Version of REVOOLA at a 30% off discount. You get all the features of our Premium product but for the life of your subscription you will benefit from a discount of 30%. This subscription will auto-renew each month, until you terminate it.<\/p>","protected":false},"excerpt":{"rendered":"<p>Als Barclaycard-Inhaber kannst du ein Revoola Premium Monatsabo f\u00fcr nur 6,99 \u00a3 pro Monat abschlie\u00dfen und sparst% gegen\u00fcber dem regul\u00e4ren Monatsabo.<\/p>\n<p><strong>Au\u00dferdem erh\u00e4ltst du jeden Monat% Cashback.<\/strong><\/p>\n<p>Dein Abo verl\u00e4ngert sich jeden Monat automatisch, keine langen Vertr\u00e4ge, keine Knebelvertr\u00e4ge, jederzeit k\u00fcndbar.<\/p>","protected":false},"featured_media":24311,"template":"","meta":{"_acf_changed":false,"_et_pb_use_builder":"","_et_pb_old_content":"","_et_gb_content_width":"","content-type":""},"product_brand":[],"product_cat":[29],"product_tag":[28],"class_list":{"0":"post-24261","1":"product","2":"type-product","3":"status-publish","4":"has-post-thumbnail","6":"product_cat-revoola","7":"product_tag-revoola","9":"first","10":"instock","11":"sale","12":"virtual","13":"sold-individually","14":"taxable","15":"purchasable","16":"product-type-subscription"},"acf":[],"_links":{"self":[{"href":"https:\/\/www.revoola.com\/de\/wp-json\/wp\/v2\/product\/24261","targetHints":{"allow":["GET"]}}],"collection":[{"href":"https:\/\/www.revoola.com\/de\/wp-json\/wp\/v2\/product"}],"about":[{"href":"https:\/\/www.revoola.com\/de\/wp-json\/wp\/v2\/types\/product"}],"wp:featuredmedia":[{"embeddable":true,"href":"https:\/\/www.revoola.com\/de\/wp-json\/wp\/v2\/media\/24311"}],"wp:attachment":[{"href":"https:\/\/www.revoola.com\/de\/wp-json\/wp\/v2\/media?parent=24261"}],"wp:term":[{"taxonomy":"product_brand","embeddable":true,"href":"https:\/\/www.revoola.com\/de\/wp-json\/wp\/v2\/product_brand?post=24261"},{"taxonomy":"product_cat","embeddable":true,"href":"https:\/\/www.revoola.com\/de\/wp-json\/wp\/v2\/product_cat?post=24261"},{"taxonomy":"product_tag","embeddable":true,"href":"https:\/\/www.revoola.com\/de\/wp-json\/wp\/v2\/product_tag?post=24261"}],"curies":[{"name":"wp","href":"https:\/\/api.w.org\/{rel}","templated":true}]}}